{"id":485,"date":"2010-05-18T14:21:41","date_gmt":"2010-05-18T14:21:41","guid":{"rendered":"http:\/\/test.ignacianskaspiritualita.sk\/?page_id=485"},"modified":"2021-02-18T15:11:56","modified_gmt":"2021-02-18T15:11:56","slug":"kontakty","status":"publish","type":"page","link":"https:\/\/ignacianskaspiritualita.sk\/index.php\/kontakty\/","title":{"rendered":"Kontakty"},"content":{"rendered":"<p><strong>Provincial\u00e1t Spolo\u010dnosti Je\u017ei\u0161ovej<\/strong><\/p>\n<p>Pansk\u00e1 11, P.O.Box 173<\/p>\n<p>Bratislava 814 99<\/p>\n<p>website: <a href=\"http:\/\/www.jezuiti.sk\" target=\"_blank\" rel=\"noopener\">www.jezuiti.sk<\/a><\/p>\n<p>e-mail: <a href=\"mailto:provincialsvk@jezuiti.sk\">provincialsvk@jezuiti.sk<\/a><\/p>\n<p><strong>Podporovanie povolan\u00ed<\/strong><\/p>\n<p>P. Peter Sabol SJ<\/p>\n<p>Pod Kalv\u00e1riou 81<\/p>\n<p>Pre\u0161ov 080 01<\/p>\n<p>e-mail:<a href=\"mailto:m.hudacek@gmail.com\"> pesabol@gmail.com<\/a><\/p>\n<p><strong>Novici\u00e1t sv. Stanislava Kostku<\/strong><\/p>\n<p>P. Juraj Dufka SJ<strong><br \/>\n<\/strong><\/p>\n<p>N\u00e1m. A. Hlinku 56\/1<\/p>\n<p>Ru\u017eomberok 034 01<\/p>\n<p>e-mail: <a href=\"mailto:jdufka@gmail.com\">jdufka@gmail.com<\/a><\/p>\n<p><strong>JEV Jezuitsk\u00fd eur\u00f3pski dobrovo\u013en\u00edci<\/strong><\/p>\n<p>P. Bernard Mi\u0161ovi\u010d SJ<\/p>\n<p>Franti\u0161k\u00e1nska 34<\/p>\n<p>Trnava 917 01<\/p>\n<p>website: <a href=\"http:\/\/www.jev.sk\">www.jev.sk<\/a><\/p>\n<p>e-mail: <a href=\"mailto:bernard.msj@gmail.com\">bernard.msj@gmail.com<\/a><\/p>\n<p><strong>Exerci\u010dn\u00fd dom sv. Ign\u00e1ca<\/strong><\/p>\n<p>Pod Kalv\u00e1riou 81<\/p>\n<p>Pre\u0161ov 080 01<\/p>\n<p>e-mail: <a href=\"mailto:edsj.po@stonline.sk\">edsj.po@stonline.sk<\/a><\/p>\n<p><strong>Exerci\u010dn\u00fd dom<\/strong><\/p>\n<p>Po\u0161tov\u00e1 1<\/p>\n<p>Pie\u0161\u0165any 921 01<\/p>\n<p>tel.\/fax: 033-7622 805<\/p>\n<p><strong>Vydavate\u013estvo Dobr\u00e1 Kniha<\/strong><\/p>\n<p>P. Franti\u0161ek So\u010dufka SJ<\/p>\n<p>\u0160tef\u00e1nikova 44<\/p>\n<p>Trnava 917 001<\/p>\n<p>website:\u00a0 <a href=\"http:\/\/www.dobrakniha.sk\" target=\"_blank\" rel=\"noopener\">www.dobrakniha.sk<\/a><\/p>\n<p>e-mail:\u00a0 <a href=\"mailto:dobrakniha@dobrakniha.sk\">dobrakniha@dobrakniha.sk<\/a><\/p>\n","protected":false},"excerpt":{"rendered":"<p>Provincial\u00e1t Spolo\u010dnosti Je\u017ei\u0161ovej Pansk\u00e1 11, P.O.Box 173 Bratislava 814 99 website: www.jezuiti.sk e-mail: provincialsvk@jezuiti.sk Podporovanie povolan\u00ed P. Peter Sabol SJ Pod Kalv\u00e1riou 81 Pre\u0161ov 080 01 e-mail: pesabol@gmail.com Novici\u00e1t sv. Stanislava Kostku P. Juraj Dufka SJ N\u00e1m. A. Hlinku 56\/1 Ru\u017eomberok 034 01 e-mail: jdufka@gmail.com JEV Jezuitsk\u00fd eur\u00f3pski dobrovo\u013en\u00edci P. Bernard Mi\u0161ovi\u010d SJ Franti\u0161k\u00e1nska 34&hellip;&nbsp;<a href=\"https:\/\/ignacianskaspiritualita.sk\/index.php\/kontakty\/\" rel=\"bookmark\">\u010c\u00edta\u0165 viac &raquo;<span class=\"screen-reader-text\">Kontakty<\/span><\/a><\/p>\n","protected":false},"author":2,"featured_media":0,"parent":0,"menu_order":0,"comment_status":"closed","ping_status":"closed","template":"","meta":{"neve_meta_sidebar":"","neve_meta_container":"","neve_meta_enable_content_width":"","neve_meta_content_width":0,"neve_meta_title_alignment":"","neve_meta_author_avatar":"","neve_post_elements_order":"","neve_meta_disable_header":"","neve_meta_disable_footer":"","neve_meta_disable_title":"","_ti_tpc_template_sync":false,"_ti_tpc_template_id":""},"_links":{"self":[{"href":"https:\/\/ignacianskaspiritualita.sk\/index.php\/wp-json\/wp\/v2\/pages\/485"}],"collection":[{"href":"https:\/\/ignacianskaspiritualita.sk\/index.php\/wp-json\/wp\/v2\/pages"}],"about":[{"href":"https:\/\/ignacianskaspiritualita.sk\/index.php\/wp-json\/wp\/v2\/types\/page"}],"author":[{"embeddable":true,"href":"https:\/\/ignacianskaspiritualita.sk\/index.php\/wp-json\/wp\/v2\/users\/2"}],"replies":[{"embeddable":true,"href":"https:\/\/ignacianskaspiritualita.sk\/index.php\/wp-json\/wp\/v2\/comments?post=485"}],"version-history":[{"count":4,"href":"https:\/\/ignacianskaspiritualita.sk\/index.php\/wp-json\/wp\/v2\/pages\/485\/revisions"}],"predecessor-version":[{"id":2075,"href":"https:\/\/ignacianskaspiritualita.sk\/index.php\/wp-json\/wp\/v2\/pages\/485\/revisions\/2075"}],"wp:attachment":[{"href":"https:\/\/ignacianskaspiritualita.sk\/index.php\/wp-json\/wp\/v2\/media?parent=485"}],"curies":[{"name":"wp","href":"https:\/\/api.w.org\/{rel}","templated":true}]}}