{"id":1756,"date":"2021-01-12T12:33:22","date_gmt":"2021-01-12T12:33:22","guid":{"rendered":"http:\/\/ignacianskaspiritualita.sk\/?page_id=1756"},"modified":"2021-02-18T15:08:21","modified_gmt":"2021-02-18T15:08:21","slug":"titulka","status":"publish","type":"page","link":"https:\/\/ignacianskaspiritualita.sk\/","title":{"rendered":""},"content":{"rendered":"\n<div class=\"wp-block-cover alignfull has-background-dim-30 has-nv-dark-bg-background-color has-background-dim has-custom-content-position is-position-center-right\" style=\"background-image:url(http:\/\/ignacianskaspiritualita.sk\/wp-content\/uploads\/trlensky-kopec.jpg);min-height:480px;background-position:74% 53%\"><div class=\"wp-block-cover__inner-container\">\n<p class=\"has-text-align-left\">Vidie\u0165 v\u0161etky veci nov\u00fdm sp\u00f4sobom v Kristovi<\/p>\n<\/div><\/div>\n\n\n\n<div style=\"height:100px\" aria-hidden=\"true\" class=\"wp-block-spacer\"><\/div>\n\n\n\n<div class=\"wp-block-columns\">\n<div class=\"wp-block-column\">\n<figure class=\"wp-block-image size-large is-style-default\"><img src=\"https:\/\/api.themeisle.com\/templates-data\/2020\/11\/ebf0233ced7259cf0838b7ba6d3aee07c8zu0g5g3c0qq7wpc8h3\/images\/neve-patterns-15.jpg\" alt=\"\" class=\"wp-image-414\"\/><\/figure>\n\n\n\n<p><\/p>\n<\/div>\n\n\n\n<div class=\"wp-block-column is-vertically-aligned-center\">\n<h2>N\u00e1\u0161 cie\u013e<\/h2>\n\n\n\n<p>Sv\u00e4t\u00fd Ign\u00e1c z Loyoly je ve\u013ekou postavou v dejin\u00e1ch Katol\u00edckej Cirkvi. Po svojom obr\u00e1ten\u00ed mal ve\u013ea intenz\u00edvnych a bohat\u00fdch duchovn\u00fdch z\u00e1\u017eitkov. Sta\u010d\u00ed otvori\u0165 jeho <em>Autobiografiu<\/em> a vidie\u0165 jeho cestu od Loyoly a\u017e po R\u00edm. Osobitne v\u0161ak Manresu, Montserrat, La Stortu a in\u00e9. Cirkev uznala v\u0161etky tieto duchovn\u00e9 sk\u00fasenosti sv. Ign\u00e1ca a schv\u00e1lila Spolo\u010dnos\u0165 Je\u017ei\u0161ovu. Skrze sv. Ign\u00e1ca sa Cirkev obohatila o nov\u00fa charizmu a spiritualitu.<\/p>\n\n\n\n<div class=\"wp-block-buttons\">\n<div class=\"wp-block-button is-style-primary\"><a class=\"wp-block-button__link\" href=\"http:\/\/ignacianskaspiritualita.sk\/index.php\/nas-ciel\/\">Zisti viac<\/a><\/div>\n<\/div>\n<\/div>\n<\/div>\n\n\n\n<div class=\"wp-block-columns\">\n<div class=\"wp-block-column\" style=\"flex-basis:100%\">\n<div class=\"wp-block-group\"><div class=\"wp-block-group__inner-container\">\n<div class=\"wp-block-columns\">\n<div class=\"wp-block-column\" style=\"flex-basis:100%\">\n<div class=\"wp-block-group\"><div class=\"wp-block-group__inner-container\"><\/div><\/div>\n<\/div>\n<\/div>\n<\/div><\/div>\n<\/div>\n<\/div>\n\n\n\n<div class=\"wp-block-columns\">\n<div class=\"wp-block-column\">\n<h2 class=\"has-text-align-center\">Najnov\u0161ie <\/h2>\n\n\n\n<h2 class=\"has-text-align-center\">\u010dl\u00e1nky<\/h2>\n\n\n\n<div class=\"wp-block-image is-style-rounded\"><figure class=\"aligncenter size-large\"><a href=\"http:\/\/ignacianskaspiritualita.sk\/index.php\/najnovsie-clanky\/\"><img loading=\"lazy\" width=\"768\" height=\"1024\" src=\"http:\/\/ignacianskaspiritualita.sk\/wp-content\/uploads\/2011-04-17-Santa-Maria-del-Mar-Barrio-Gotico-de-Barcelona-8-768x1024.jpg\" alt=\"\" class=\"wp-image-1941\" srcset=\"https:\/\/ignacianskaspiritualita.sk\/wp-content\/uploads\/2011-04-17-Santa-Maria-del-Mar-Barrio-Gotico-de-Barcelona-8-768x1024.jpg 768w, https:\/\/ignacianskaspiritualita.sk\/wp-content\/uploads\/2011-04-17-Santa-Maria-del-Mar-Barrio-Gotico-de-Barcelona-8-225x300.jpg 225w, https:\/\/ignacianskaspiritualita.sk\/wp-content\/uploads\/2011-04-17-Santa-Maria-del-Mar-Barrio-Gotico-de-Barcelona-8-1152x1536.jpg 1152w, https:\/\/ignacianskaspiritualita.sk\/wp-content\/uploads\/2011-04-17-Santa-Maria-del-Mar-Barrio-Gotico-de-Barcelona-8-1536x2048.jpg 1536w, https:\/\/ignacianskaspiritualita.sk\/wp-content\/uploads\/2011-04-17-Santa-Maria-del-Mar-Barrio-Gotico-de-Barcelona-8-scaled.jpg 1920w\" sizes=\"(max-width: 768px) 100vw, 768px\" \/><\/a><\/figure><\/div>\n<\/div>\n\n\n\n<div class=\"wp-block-column\">\n<h2 class=\"has-text-align-center\">Jubileum <\/h2>\n\n\n\n<h2 class=\"has-text-align-center\">1521-2021<\/h2>\n\n\n\n<div class=\"wp-block-image is-style-rounded\"><figure class=\"aligncenter size-large\"><a href=\"http:\/\/ignacianskaspiritualita.sk\/index.php\/category\/jubileum\/\"><img loading=\"lazy\" width=\"768\" height=\"1024\" src=\"http:\/\/ignacianskaspiritualita.sk\/wp-content\/uploads\/DSCI0379-2-768x1024.jpg\" alt=\"\" class=\"wp-image-1937\" srcset=\"https:\/\/ignacianskaspiritualita.sk\/wp-content\/uploads\/DSCI0379-2-768x1024.jpg 768w, https:\/\/ignacianskaspiritualita.sk\/wp-content\/uploads\/DSCI0379-2-225x300.jpg 225w, https:\/\/ignacianskaspiritualita.sk\/wp-content\/uploads\/DSCI0379-2-1152x1536.jpg 1152w, https:\/\/ignacianskaspiritualita.sk\/wp-content\/uploads\/DSCI0379-2-1536x2048.jpg 1536w, https:\/\/ignacianskaspiritualita.sk\/wp-content\/uploads\/DSCI0379-2.jpg 1704w\" sizes=\"(max-width: 768px) 100vw, 768px\" \/><\/a><\/figure><\/div>\n<\/div>\n\n\n\n<div class=\"wp-block-column\">\n<h2 class=\"has-text-align-center\">By\u0165 <\/h2>\n\n\n\n<h2 class=\"has-text-align-center\">jezuitom<\/h2>\n\n\n\n<div class=\"wp-block-image is-style-rounded\"><figure class=\"aligncenter size-large\"><a href=\"http:\/\/ignacianskaspiritualita.sk\/index.php\/category\/byt-jezuitom\/\"><img loading=\"lazy\" width=\"768\" height=\"1024\" src=\"http:\/\/ignacianskaspiritualita.sk\/wp-content\/uploads\/010.jpg\" alt=\"\" class=\"wp-image-1934\" srcset=\"https:\/\/ignacianskaspiritualita.sk\/wp-content\/uploads\/010.jpg 768w, https:\/\/ignacianskaspiritualita.sk\/wp-content\/uploads\/010-225x300.jpg 225w\" sizes=\"(max-width: 768px) 100vw, 768px\" \/><\/a><\/figure><\/div>\n<\/div>\n\n\n\n<div class=\"wp-block-column\">\n<h2 class=\"has-text-align-center\">Apo\u0161tolsk\u00e9 <\/h2>\n\n\n\n<h2 class=\"has-text-align-center\">preferencie<\/h2>\n\n\n\n<div class=\"wp-block-image is-style-rounded\"><figure class=\"aligncenter size-large\"><a href=\"http:\/\/ignacianskaspiritualita.sk\/index.php\/category\/apostolske-preferencie\/\"><img loading=\"lazy\" width=\"768\" height=\"1024\" src=\"http:\/\/ignacianskaspiritualita.sk\/wp-content\/uploads\/DSCI1098-768x1024.jpg\" alt=\"\" class=\"wp-image-1944\" srcset=\"https:\/\/ignacianskaspiritualita.sk\/wp-content\/uploads\/DSCI1098-768x1024.jpg 768w, https:\/\/ignacianskaspiritualita.sk\/wp-content\/uploads\/DSCI1098-225x300.jpg 225w, https:\/\/ignacianskaspiritualita.sk\/wp-content\/uploads\/DSCI1098-1152x1536.jpg 1152w, https:\/\/ignacianskaspiritualita.sk\/wp-content\/uploads\/DSCI1098-1536x2048.jpg 1536w, https:\/\/ignacianskaspiritualita.sk\/wp-content\/uploads\/DSCI1098-scaled.jpg 1920w\" sizes=\"(max-width: 768px) 100vw, 768px\" \/><\/a><\/figure><\/div>\n<\/div>\n<\/div>\n\n\n\n<div class=\"wp-block-group\"><div class=\"wp-block-group__inner-container\">\n<div class=\"wp-block-columns are-vertically-aligned-top\">\n<div class=\"wp-block-column is-vertically-aligned-top\" style=\"flex-basis:100%\">\n<p class=\"has-text-align-center\"><em>Vezmi, Pane, a prijmi,<\/em> <em>cel\u00fa moju slobodu, moju pam\u00e4\u0165,<\/em> <em>m\u00f4j rozum<\/em> <em>a cel\u00fa moju v\u00f4\u013eu.<\/em> <em>Ve\u010f v\u0161etko, \u010do m\u00e1m, si mi dal Ty.<\/em> <em>Tebe, Pane, to vraciam.<\/em> <em>V\u0161etko je to Tvoje.<\/em> <em>Nakladaj s t\u00fdm celkom pod\u013ea svojej v\u00f4le.<\/em> <em>Daj mi len svoju l\u00e1sku a milos\u0165,<\/em> <em>lebo t\u00e1 mi sta\u010d\u00ed.<\/em><\/p>\n\n\n\n<p class=\"has-text-align-center\"><strong>SUSCIPE, DOMINE<\/strong>, SV. IGN\u00c1C Z LOYOLY<\/p>\n\n\n\n<div class=\"wp-block-group\"><div class=\"wp-block-group__inner-container\">\n<div class=\"wp-block-columns\">\n<div class=\"wp-block-column\" style=\"flex-basis:100%\">\n<figure class=\"wp-block-gallery aligncenter columns-3 is-cropped\"><ul class=\"blocks-gallery-grid\"><li class=\"blocks-gallery-item\"><figure><a href=\"http:\/\/ignacianskaspiritualita.sk\/wp-content\/uploads\/IMG_0536-scaled.jpg\"><img loading=\"lazy\" width=\"300\" height=\"225\" src=\"http:\/\/ignacianskaspiritualita.sk\/wp-content\/uploads\/IMG_0536-300x225.jpg\" alt=\"\" data-id=\"1849\" data-full-url=\"http:\/\/ignacianskaspiritualita.sk\/wp-content\/uploads\/IMG_0536-scaled.jpg\" data-link=\"http:\/\/ignacianskaspiritualita.sk\/index.php\/titulka\/img_0536\/\" class=\"wp-image-1849\" srcset=\"https:\/\/ignacianskaspiritualita.sk\/wp-content\/uploads\/IMG_0536-300x225.jpg 300w, https:\/\/ignacianskaspiritualita.sk\/wp-content\/uploads\/IMG_0536-1024x768.jpg 1024w, https:\/\/ignacianskaspiritualita.sk\/wp-content\/uploads\/IMG_0536-768x576.jpg 768w, https:\/\/ignacianskaspiritualita.sk\/wp-content\/uploads\/IMG_0536-1536x1152.jpg 1536w, https:\/\/ignacianskaspiritualita.sk\/wp-content\/uploads\/IMG_0536-2048x1536.jpg 2048w\" sizes=\"(max-width: 300px) 100vw, 300px\" \/><\/a><\/figure><\/li><li class=\"blocks-gallery-item\"><figure><a href=\"http:\/\/ignacianskaspiritualita.sk\/wp-content\/uploads\/IMG_0550-225x300.jpg\"><img loading=\"lazy\" width=\"225\" height=\"300\" src=\"http:\/\/ignacianskaspiritualita.sk\/wp-content\/uploads\/IMG_0550-225x300.jpg\" alt=\"\" data-id=\"1847\" data-link=\"http:\/\/ignacianskaspiritualita.sk\/index.php\/titulka\/img_0550\/\" class=\"wp-image-1847\" srcset=\"https:\/\/ignacianskaspiritualita.sk\/wp-content\/uploads\/IMG_0550-225x300.jpg 225w, https:\/\/ignacianskaspiritualita.sk\/wp-content\/uploads\/IMG_0550-768x1024.jpg 768w, https:\/\/ignacianskaspiritualita.sk\/wp-content\/uploads\/IMG_0550-1152x1536.jpg 1152w, https:\/\/ignacianskaspiritualita.sk\/wp-content\/uploads\/IMG_0550-1536x2048.jpg 1536w, https:\/\/ignacianskaspiritualita.sk\/wp-content\/uploads\/IMG_0550-scaled.jpg 1920w\" sizes=\"(max-width: 225px) 100vw, 225px\" \/><\/a><\/figure><\/li><li class=\"blocks-gallery-item\"><figure><a href=\"http:\/\/ignacianskaspiritualita.sk\/wp-content\/uploads\/100_1290-1-300x225.jpg\"><img loading=\"lazy\" width=\"300\" height=\"225\" src=\"http:\/\/ignacianskaspiritualita.sk\/wp-content\/uploads\/100_1290-1-300x225.jpg\" alt=\"\" data-id=\"1845\" data-link=\"http:\/\/ignacianskaspiritualita.sk\/index.php\/titulka\/100_1290-1\/\" class=\"wp-image-1845\" srcset=\"https:\/\/ignacianskaspiritualita.sk\/wp-content\/uploads\/100_1290-1-300x225.jpg 300w, https:\/\/ignacianskaspiritualita.sk\/wp-content\/uploads\/100_1290-1-1024x768.jpg 1024w, https:\/\/ignacianskaspiritualita.sk\/wp-content\/uploads\/100_1290-1-768x576.jpg 768w, https:\/\/ignacianskaspiritualita.sk\/wp-content\/uploads\/100_1290-1-1536x1152.jpg 1536w, https:\/\/ignacianskaspiritualita.sk\/wp-content\/uploads\/100_1290-1-2048x1536.jpg 2048w\" sizes=\"(max-width: 300px) 100vw, 300px\" \/><\/a><\/figure><\/li><\/ul><figcaption class=\"blocks-gallery-caption\"><strong>D\u00f4le\u017eit\u00e9 momenty Ign\u00e1covho \u017eivota v Loyole<\/strong><\/figcaption><\/figure>\n<\/div>\n<\/div>\n<\/div><\/div>\n\n\n\n<p><\/p>\n<\/div>\n<\/div>\n<\/div><\/div>\n","protected":false},"excerpt":{"rendered":"<p>N\u00e1\u0161 cie\u013e Sv\u00e4t\u00fd Ign\u00e1c z Loyoly je ve\u013ekou postavou v dejin\u00e1ch Katol\u00edckej Cirkvi. Po svojom obr\u00e1ten\u00ed mal ve\u013ea intenz\u00edvnych a bohat\u00fdch duchovn\u00fdch z\u00e1\u017eitkov. Sta\u010d\u00ed otvori\u0165 jeho Autobiografiu a vidie\u0165 jeho cestu od Loyoly a\u017e po R\u00edm. Osobitne v\u0161ak Manresu, Montserrat, La Stortu a in\u00e9. Cirkev uznala v\u0161etky tieto duchovn\u00e9 sk\u00fasenosti sv. Ign\u00e1ca a schv\u00e1lila Spolo\u010dnos\u0165&hellip;&nbsp;<a href=\"https:\/\/ignacianskaspiritualita.sk\/\" rel=\"bookmark\">\u010c\u00edta\u0165 viac &raquo;<span class=\"screen-reader-text\"><\/span><\/a><\/p>\n","protected":false},"author":1,"featured_media":0,"parent":0,"menu_order":0,"comment_status":"closed","ping_status":"closed","template":"","meta":{"neve_meta_sidebar":"full-width","neve_meta_container":"full-width","neve_meta_enable_content_width":"on","neve_meta_content_width":80,"neve_meta_title_alignment":"right","neve_meta_author_avatar":"","neve_post_elements_order":"","neve_meta_disable_header":"off","neve_meta_disable_footer":"","neve_meta_disable_title":"","_ti_tpc_template_sync":false,"_ti_tpc_template_id":""},"_links":{"self":[{"href":"https:\/\/ignacianskaspiritualita.sk\/index.php\/wp-json\/wp\/v2\/pages\/1756"}],"collection":[{"href":"https:\/\/ignacianskaspiritualita.sk\/index.php\/wp-json\/wp\/v2\/pages"}],"about":[{"href":"https:\/\/ignacianskaspiritualita.sk\/index.php\/wp-json\/wp\/v2\/types\/page"}],"author":[{"embeddable":true,"href":"https:\/\/ignacianskaspiritualita.sk\/index.php\/wp-json\/wp\/v2\/users\/1"}],"replies":[{"embeddable":true,"href":"https:\/\/ignacianskaspiritualita.sk\/index.php\/wp-json\/wp\/v2\/comments?post=1756"}],"version-history":[{"count":82,"href":"https:\/\/ignacianskaspiritualita.sk\/index.php\/wp-json\/wp\/v2\/pages\/1756\/revisions"}],"predecessor-version":[{"id":2071,"href":"https:\/\/ignacianskaspiritualita.sk\/index.php\/wp-json\/wp\/v2\/pages\/1756\/revisions\/2071"}],"wp:attachment":[{"href":"https:\/\/ignacianskaspiritualita.sk\/index.php\/wp-json\/wp\/v2\/media?parent=1756"}],"curies":[{"name":"wp","href":"https:\/\/api.w.org\/{rel}","templated":true}]}}