{"id":36,"date":"2010-01-27T00:45:42","date_gmt":"2010-01-26T22:45:42","guid":{"rendered":"http:\/\/jezuiti.sk\/blog\/daryvdialogu\/o-blogu\/"},"modified":"2016-02-09T10:39:31","modified_gmt":"2016-02-09T10:39:31","slug":"nas-ciel","status":"publish","type":"page","link":"http:\/\/ignacianskaspiritualita.sk\/index.php\/nas-ciel\/","title":{"rendered":"N\u00e1\u0161 cie\u013e"},"content":{"rendered":"<p style=\"text-align: justify;\"><strong>Mil\u00ed priatelia!<\/strong><\/p>\n<p style=\"text-align: justify;\">Sv\u00e4t\u00fd Ign\u00e1c z Loyoly je ve\u013ekou postavou v dejin\u00e1ch Katol\u00edckej Cirkvi. Po svojom obr\u00e1ten\u00ed mal ve\u013ea intenz\u00edvnych a bohat\u00fdch duchovn\u00fdch z\u00e1\u017eitkov. Sta\u010d\u00ed otvori\u0165 jeho <em>Autobiografiu<\/em> a vidie\u0165 jeho cestu od Loyoly a\u017e po R\u00edm. Osobitne v\u0161ak Manresu, Montserrat, La Stortu a in\u00e9. Cirkev uznala v\u0161etky tieto duchovn\u00e9 sk\u00fasenosti sv. Ign\u00e1ca a schv\u00e1lila Spolo\u010dnos\u0165 Je\u017ei\u0161ovu. Skrze sv. Ign\u00e1ca sa Cirkev obohatila o nov\u00fa charizmu a spiritualitu. Cie\u013eom tejto webovej str\u00e1nky je pribl\u00ed\u017ei\u0165 t\u00fato charizmu sv. Ign\u00e1ca. Ignaci\u00e1nska spiritualita vych\u00e1dza zo sk\u00fasenosti Duchovn\u00fdch cvi\u010den\u00ed a rozv\u00edja sa v apo\u0161tolskej disponibilite. Sv. Ign\u00e1c chcel \u010do najlep\u0161ie spolupracova\u0165 s Kristom pri budovan\u00ed Bo\u017eieho kr\u00e1\u013eovstva. In\u0161pir\u00e1ciou cel\u00e9ho poslania Spolo\u010dnosti Je\u017ei\u0161ovej je postava Krista, ktor\u00fd posiela svojich u\u010den\u00edkov do cel\u00e9ho sveta, ku v\u0161etk\u00fdm \u013eu\u010fom. Preto m\u00f4\u017eeme hovori\u0165 o univerz\u00e1lnej misii ignaci\u00e1nskej spiritualite, ktor\u00e1 zah\u0155\u0148a cel\u00fd svet. Sv. Ign\u00e1c v\u017edy s\u00fastredil cel\u00fa svoju pozornos\u0165 na osobu Krista. Tento siln\u00fd aspekt m\u00f4\u017eeme vidie\u0165 v celej jeho spiritualite. Chcel by som v\u00e1m postupne na tejto str\u00e1nke pribl\u00ed\u017ei\u0165 hist\u00f3riu, poslanie a charizmu sv. Ign\u00e1ca a jeho spolo\u010dn\u00edkov a \u010fal\u0161ie r\u00f4zne charakteristiky tejto spirituality.\u00a0 Pre v\u0161etk\u00fdch z\u00e1ujemcov o hlb\u0161ie spoznanie charizmy sv. Ign\u00e1ca z Loyoly a pre lep\u0161ie pochopenie ignaci\u00e1nskej spirituality odpor\u00fa\u010dam pre\u010d\u00edta\u0165\u00a0 tri jeho z\u00e1kladn\u00e9 diela: <em>Autobiografiu<\/em>, <em>Duchovn\u00fd denn\u00edk<\/em> a <em>Duchovn\u00e9 cvi\u010denia<\/em>.<\/p>\n<p style=\"text-align: right;\">P. J\u00e1n Benkovsk\u00fd SJ<\/p>\n","protected":false},"excerpt":{"rendered":"<p>Mil\u00ed priatelia! Sv\u00e4t\u00fd Ign\u00e1c z Loyoly je ve\u013ekou postavou v dejin\u00e1ch Katol\u00edckej Cirkvi. Po svojom obr\u00e1ten\u00ed mal ve\u013ea intenz\u00edvnych a bohat\u00fdch duchovn\u00fdch z\u00e1\u017eitkov. Sta\u010d\u00ed otvori\u0165 jeho Autobiografiu a vidie\u0165 jeho cestu od Loyoly a\u017e po R\u00edm. Osobitne v\u0161ak Manresu, Montserrat, La Stortu a in\u00e9. Cirkev uznala v\u0161etky tieto duchovn\u00e9 sk\u00fasenosti sv. Ign\u00e1ca a schv\u00e1lila Spolo\u010dnos\u0165&hellip;&nbsp;<a href=\"http:\/\/ignacianskaspiritualita.sk\/index.php\/nas-ciel\/\" rel=\"bookmark\">\u010c\u00edta\u0165 viac &raquo;<span class=\"screen-reader-text\">N\u00e1\u0161 cie\u013e<\/span><\/a><\/p>\n","protected":false},"author":2,"featured_media":0,"parent":0,"menu_order":0,"comment_status":"closed","ping_status":"closed","template":"","meta":{"neve_meta_sidebar":"","neve_meta_container":"","neve_meta_enable_content_width":"","neve_meta_content_width":0,"neve_meta_title_alignment":"","neve_meta_author_avatar":"","neve_post_elements_order":"","neve_meta_disable_header":"","neve_meta_disable_footer":"","neve_meta_disable_title":"","_ti_tpc_template_sync":false,"_ti_tpc_template_id":""},"_links":{"self":[{"href":"http:\/\/ignacianskaspiritualita.sk\/index.php\/wp-json\/wp\/v2\/pages\/36"}],"collection":[{"href":"http:\/\/ignacianskaspiritualita.sk\/index.php\/wp-json\/wp\/v2\/pages"}],"about":[{"href":"http:\/\/ignacianskaspiritualita.sk\/index.php\/wp-json\/wp\/v2\/types\/page"}],"author":[{"embeddable":true,"href":"http:\/\/ignacianskaspiritualita.sk\/index.php\/wp-json\/wp\/v2\/users\/2"}],"replies":[{"embeddable":true,"href":"http:\/\/ignacianskaspiritualita.sk\/index.php\/wp-json\/wp\/v2\/comments?post=36"}],"version-history":[{"count":2,"href":"http:\/\/ignacianskaspiritualita.sk\/index.php\/wp-json\/wp\/v2\/pages\/36\/revisions"}],"predecessor-version":[{"id":1761,"href":"http:\/\/ignacianskaspiritualita.sk\/index.php\/wp-json\/wp\/v2\/pages\/36\/revisions\/1761"}],"wp:attachment":[{"href":"http:\/\/ignacianskaspiritualita.sk\/index.php\/wp-json\/wp\/v2\/media?parent=36"}],"curies":[{"name":"wp","href":"https:\/\/api.w.org\/{rel}","templated":true}]}}